{"id":3557,"date":"2015-02-13T17:34:13","date_gmt":"2015-02-13T17:34:13","guid":{"rendered":"https:\/\/sabeforni.cmsone.info\/tecnologia\/"},"modified":"2025-07-31T15:17:37","modified_gmt":"2025-07-31T15:17:37","slug":"technologie","status":"publish","type":"page","link":"https:\/\/www.sabeforni.it\/de\/technologie\/","title":{"rendered":"Technologie"},"content":{"rendered":"<p><div class=\"fusion-fullwidth fullwidth-box fusion-builder-row-1 nonhundred-percent-fullwidth non-hundred-percent-height-scrolling\" style=\"background-color: rgba(255,255,255,0);background-position: left top;background-repeat: no-repeat;padding-top:20px;padding-right:0px;padding-bottom:20px;padding-left:0px;margin-bottom: 0px;margin-top: 0px;border-width: 0px 0px 0px 0px;border-color:#eae9e9;border-style:solid;\" ><div class=\"fusion-builder-row fusion-row\"><div class=\"fusion-layout-column fusion_builder_column fusion-builder-column-0 fusion_builder_column_1_1 1_1 fusion-one-full fusion-column-first fusion-column-last fusion-column-no-min-height\" style=\"margin-top:0px;margin-bottom:0px;\"><div class=\"fusion-column-wrapper fusion-flex-column-wrapper-legacy\" style=\"background-position:left top;background-repeat:no-repeat;-webkit-background-size:cover;-moz-background-size:cover;-o-background-size:cover;background-size:cover;padding: 0px 0px 0px 0px;\"><script type=\"text\/javascript\">jQuery(function() { _initLayerSlider( '#layerslider_4_1esjo66o8xfwt', {sliderVersion: '6.11.2', responsiveUnder: 0, layersContainer: 0, slideBGSize: 'auto', hideUnder: 0, hideOver: 100000, pauseOnHover: 1, skin: 'v5', skinsPath: 'https:\/\/www.sabeforni.it\/wp-content\/plugins\/LayerSlider\/assets\/static\/layerslider\/skins\/'}); });<\/script><div id=\"layerslider_4_1esjo66o8xfwt\" class=\"ls-wp-container fitvidsignore\" style=\"width:600px;height:300px;margin:0 auto;margin-bottom: 0px;\"><div class=\"ls-slide\" data-ls=\"bgsize:cover;duration:3500;kenburnsscale:1.2;\"><img width=\"1078\" height=\"734\" src=\"https:\/\/www.sabeforni.it\/wp-content\/uploads\/2022\/04\/TECNOLOGIA-1.png\" class=\"ls-bg\" alt=\"tecnologia\" srcset=\"https:\/\/www.sabeforni.it\/wp-content\/uploads\/2022\/04\/TECNOLOGIA-1-200x136.png 200w, https:\/\/www.sabeforni.it\/wp-content\/uploads\/2022\/04\/TECNOLOGIA-1-300x204.png 300w, https:\/\/www.sabeforni.it\/wp-content\/uploads\/2022\/04\/TECNOLOGIA-1-400x272.png 400w, https:\/\/www.sabeforni.it\/wp-content\/uploads\/2022\/04\/TECNOLOGIA-1-600x409.png 600w, https:\/\/www.sabeforni.it\/wp-content\/uploads\/2022\/04\/TECNOLOGIA-1-768x523.png 768w, https:\/\/www.sabeforni.it\/wp-content\/uploads\/2022\/04\/TECNOLOGIA-1-800x545.png 800w, https:\/\/www.sabeforni.it\/wp-content\/uploads\/2022\/04\/TECNOLOGIA-1-1024x697.png 1024w, https:\/\/www.sabeforni.it\/wp-content\/uploads\/2022\/04\/TECNOLOGIA-1.png 1078w\" sizes=\"(max-width: 1078px) 100vw, 1078px\" \/><\/div><div class=\"ls-slide\" data-ls=\"bgsize:cover;duration:3500;kenburnsscale:1.2;\"><img width=\"1074\" height=\"780\" src=\"https:\/\/www.sabeforni.it\/wp-content\/uploads\/2022\/04\/TECNOLOGIA-2.png\" class=\"ls-bg\" alt=\"display\" srcset=\"https:\/\/www.sabeforni.it\/wp-content\/uploads\/2022\/04\/TECNOLOGIA-2-200x145.png 200w, https:\/\/www.sabeforni.it\/wp-content\/uploads\/2022\/04\/TECNOLOGIA-2-300x218.png 300w, https:\/\/www.sabeforni.it\/wp-content\/uploads\/2022\/04\/TECNOLOGIA-2-400x291.png 400w, https:\/\/www.sabeforni.it\/wp-content\/uploads\/2022\/04\/TECNOLOGIA-2-600x436.png 600w, https:\/\/www.sabeforni.it\/wp-content\/uploads\/2022\/04\/TECNOLOGIA-2-768x558.png 768w, https:\/\/www.sabeforni.it\/wp-content\/uploads\/2022\/04\/TECNOLOGIA-2-800x581.png 800w, https:\/\/www.sabeforni.it\/wp-content\/uploads\/2022\/04\/TECNOLOGIA-2-1024x744.png 1024w, https:\/\/www.sabeforni.it\/wp-content\/uploads\/2022\/04\/TECNOLOGIA-2.png 1074w\" sizes=\"(max-width: 1074px) 100vw, 1074px\" \/><\/div><div class=\"ls-slide\" data-ls=\"bgsize:cover;duration:3500;kenburnsscale:1.2;\"><img width=\"795\" height=\"476\" src=\"https:\/\/www.sabeforni.it\/wp-content\/uploads\/2022\/04\/TECNOLOGIA-3.png\" class=\"ls-bg\" alt=\"software\" srcset=\"https:\/\/www.sabeforni.it\/wp-content\/uploads\/2022\/04\/TECNOLOGIA-3-200x120.png 200w, https:\/\/www.sabeforni.it\/wp-content\/uploads\/2022\/04\/TECNOLOGIA-3-300x180.png 300w, https:\/\/www.sabeforni.it\/wp-content\/uploads\/2022\/04\/TECNOLOGIA-3-400x239.png 400w, https:\/\/www.sabeforni.it\/wp-content\/uploads\/2022\/04\/TECNOLOGIA-3-600x359.png 600w, https:\/\/www.sabeforni.it\/wp-content\/uploads\/2022\/04\/TECNOLOGIA-3-768x460.png 768w, https:\/\/www.sabeforni.it\/wp-content\/uploads\/2022\/04\/TECNOLOGIA-3.png 795w\" sizes=\"(max-width: 795px) 100vw, 795px\" \/><\/div><div class=\"ls-slide\" data-ls=\"bgsize:cover;duration:3500;kenburnsscale:1.2;\"><img width=\"1280\" height=\"994\" src=\"https:\/\/www.sabeforni.it\/wp-content\/uploads\/2022\/04\/TECNOLOGIA-4.jpg\" class=\"ls-bg\" alt=\"\" srcset=\"https:\/\/www.sabeforni.it\/wp-content\/uploads\/2022\/04\/TECNOLOGIA-4-200x155.jpg 200w, https:\/\/www.sabeforni.it\/wp-content\/uploads\/2022\/04\/TECNOLOGIA-4-300x233.jpg 300w, https:\/\/www.sabeforni.it\/wp-content\/uploads\/2022\/04\/TECNOLOGIA-4-400x311.jpg 400w, https:\/\/www.sabeforni.it\/wp-content\/uploads\/2022\/04\/TECNOLOGIA-4-600x466.jpg 600w, https:\/\/www.sabeforni.it\/wp-content\/uploads\/2022\/04\/TECNOLOGIA-4-768x596.jpg 768w, https:\/\/www.sabeforni.it\/wp-content\/uploads\/2022\/04\/TECNOLOGIA-4-800x621.jpg 800w, https:\/\/www.sabeforni.it\/wp-content\/uploads\/2022\/04\/TECNOLOGIA-4-1024x795.jpg 1024w, https:\/\/www.sabeforni.it\/wp-content\/uploads\/2022\/04\/TECNOLOGIA-4-1200x932.jpg 1200w, https:\/\/www.sabeforni.it\/wp-content\/uploads\/2022\/04\/TECNOLOGIA-4.jpg 1280w\" sizes=\"(max-width: 1280px) 100vw, 1280px\" \/><\/div><\/div><div class=\"fusion-text fusion-text-1\"><h1><strong>Sabe Forni: Technologie und Software f\u00fcr Industrie\u00f6fen f\u00fcr die Metallverarbeitung<\/strong><\/h1>\n<p>Sabe Forni ist Bezugspunkt f\u00fcr Industrie\u00f6fen f\u00fcr die Metallverarbeitung mit integrierten <strong>Software<\/strong><strong>-Systemen<\/strong> zur<strong> Steuerung und \u00dcberwachung der<\/strong> W\u00e4rmebehandlungsprozesse.<\/p>\n<p>Dank hochwertigen <strong>Touchscreens<\/strong>, <strong>SPS<\/strong> und <strong>Software-Systemen<\/strong> k\u00f6nnen mehrere Funktionen \u00fcber den Bildschirm gesteuert, \u00fcberwacht und ausgef\u00fchrt werden. Alles ist stets unter Kontrolle: von der <strong>Temperaturregelung<\/strong>, Speicherung und \u00dcbermittlung von Rezepturen bis hin zur Einstellung von Alarmfunktionen (mit Anzeige historischer Daten), Schutzatmosph\u00e4ren, Geschwindigkeit der F\u00f6rderb\u00e4nder und der Details zu den Verarbeitungsvorg\u00e4ngen. Dar\u00fcber hinaus k\u00f6nnen Sie mit der von Sabe Forni installierten <strong>GSM-Ausr\u00fcstung<\/strong> Alarme per SMS empfangen und senden.<\/p>\n<h2><strong>Innovative Software f\u00fcr Industrie\u00f6fen f\u00fcr die Metallverarbeitung<\/strong><\/h2>\n<p>Die Software f\u00fcr <strong>Industrie\u00f6fen f\u00fcr die Metallverarbeitung<\/strong> ist einfach zu bedienen und instinktiv, ebenso die Paramater f\u00fcr die Kontrolle der Qualit\u00e4tsstandards. Ein zus\u00e4tzlicher Vorteil f\u00fcr Betriebe, die sich dem Wandel der Zeit laufend anpassen wollen.<\/p>\n<p>Bei Fragen z\u00f6gern Sie nicht, uns zu kontaktieren: Rufen Sie uns an oder schreiben Sie uns &#x69;&#x6e;&#x66;&#x6f;&#x40;&#x73;&#x61;&#98;&#101;&#102;&#111;&#114;ni&#46;i&#x74;, um mehr \u00fcber \u00a0unsere Softwaresysteme zu erfahren. Sie k\u00f6nnen sich von unseren Experten beraten lassen und ein personalisiertes System erarbeiten.<\/p>\n<\/div><div class=\"fusion-clearfix\"><\/div><\/div><\/div><\/div><\/div><div class=\"fusion-fullwidth fullwidth-box fusion-builder-row-2 nonhundred-percent-fullwidth non-hundred-percent-height-scrolling\" style=\"background-color: rgba(255,255,255,0);background-position: left top;background-repeat: no-repeat;padding-top:0px;padding-right:0px;padding-bottom:0px;padding-left:0px;margin-bottom: 0px;margin-top: 0px;border-width: 0px 0px 0px 0px;border-color:#eae9e9;border-style:solid;\" ><div class=\"fusion-builder-row fusion-row\"><div class=\"fusion-layout-column fusion_builder_column fusion-builder-column-1 fusion_builder_column_1_1 1_1 fusion-one-full fusion-column-first fusion-column-last fusion-column-no-min-height\" style=\"margin-top:0px;margin-bottom:0px;\"><div class=\"fusion-column-wrapper fusion-flex-column-wrapper-legacy\" style=\"background-position:left top;background-repeat:no-repeat;-webkit-background-size:cover;-moz-background-size:cover;-o-background-size:cover;background-size:cover;padding: 0px 0px 0px 0px;\"><div class=\"fusion-clearfix\"><\/div><\/div><\/div><\/div><\/div><\/p>\n","protected":false},"excerpt":{"rendered":"","protected":false},"author":1,"featured_media":0,"parent":0,"menu_order":13,"comment_status":"open","ping_status":"open","template":"","meta":{"inline_featured_image":false},"yoast_head":"<!-- This site is optimized with the Yoast SEO plugin v18.9 - https:\/\/yoast.com\/wordpress\/plugins\/seo\/ -->\n<title>Software f\u00fcr Industrie\u00f6fen f\u00fcr die Metallverarbeitung \u2013 Sabe Forni<\/title>\n<meta name=\"description\" content=\"Entdecken Sie die Industrie\u00f6fen mit innovativer Software von Sabe Forni: Hoch technologische L\u00f6sungen f\u00fcr die Metallverarbeitung. Jetzt Angebot anfragen!\" \/>\n<meta name=\"robots\" content=\"index, follow, max-snippet:-1, max-image-preview:large, max-video-preview:-1\" \/>\n<link rel=\"canonical\" href=\"https:\/\/www.sabeforni.it\/de\/technologie\/\" \/>\n<meta property=\"og:locale\" content=\"de_DE\" \/>\n<meta property=\"og:type\" content=\"article\" \/>\n<meta property=\"og:title\" content=\"Software f\u00fcr Industrie\u00f6fen f\u00fcr die Metallverarbeitung \u2013 Sabe Forni\" \/>\n<meta property=\"og:description\" content=\"Entdecken Sie die Industrie\u00f6fen mit innovativer Software von Sabe Forni: Hoch technologische L\u00f6sungen f\u00fcr die Metallverarbeitung. Jetzt Angebot anfragen!\" \/>\n<meta property=\"og:url\" content=\"https:\/\/www.sabeforni.it\/de\/technologie\/\" \/>\n<meta property=\"og:site_name\" content=\"SABE Forni\" \/>\n<meta property=\"article:modified_time\" content=\"2025-07-31T15:17:37+00:00\" \/>\n<meta name=\"twitter:card\" content=\"summary_large_image\" \/>\n<meta name=\"twitter:label1\" content=\"Gesch\u00e4tzte Lesezeit\" \/>\n\t<meta name=\"twitter:data1\" content=\"3\u00a0Minuten\" \/>\n<script type=\"application\/ld+json\" class=\"yoast-schema-graph\">{\"@context\":\"https:\/\/schema.org\",\"@graph\":[{\"@type\":\"Organization\",\"@id\":\"https:\/\/www.sabeforni.it\/#organization\",\"name\":\"Sabe Forni\",\"url\":\"https:\/\/www.sabeforni.it\/\",\"sameAs\":[],\"logo\":{\"@type\":\"ImageObject\",\"inLanguage\":\"de\",\"@id\":\"https:\/\/www.sabeforni.it\/#\/schema\/logo\/image\/\",\"url\":\"https:\/\/www.sabeforni.it\/wp-content\/uploads\/2018\/06\/logo-e1423230742906.png\",\"contentUrl\":\"https:\/\/www.sabeforni.it\/wp-content\/uploads\/2018\/06\/logo-e1423230742906.png\",\"width\":150,\"height\":48,\"caption\":\"Sabe Forni\"},\"image\":{\"@id\":\"https:\/\/www.sabeforni.it\/#\/schema\/logo\/image\/\"}},{\"@type\":\"WebSite\",\"@id\":\"https:\/\/www.sabeforni.it\/#website\",\"url\":\"https:\/\/www.sabeforni.it\/\",\"name\":\"SABE Forni\",\"description\":\"forni per lavorazioni speciali\",\"publisher\":{\"@id\":\"https:\/\/www.sabeforni.it\/#organization\"},\"potentialAction\":[{\"@type\":\"SearchAction\",\"target\":{\"@type\":\"EntryPoint\",\"urlTemplate\":\"https:\/\/www.sabeforni.it\/?s={search_term_string}\"},\"query-input\":\"required name=search_term_string\"}],\"inLanguage\":\"de\"},{\"@type\":\"WebPage\",\"@id\":\"https:\/\/www.sabeforni.it\/de\/technologie\/#webpage\",\"url\":\"https:\/\/www.sabeforni.it\/de\/technologie\/\",\"name\":\"Software f\u00fcr Industrie\u00f6fen f\u00fcr die Metallverarbeitung \u2013 Sabe Forni\",\"isPartOf\":{\"@id\":\"https:\/\/www.sabeforni.it\/#website\"},\"datePublished\":\"2015-02-13T17:34:13+00:00\",\"dateModified\":\"2025-07-31T15:17:37+00:00\",\"description\":\"Entdecken Sie die Industrie\u00f6fen mit innovativer Software von Sabe Forni: Hoch technologische L\u00f6sungen f\u00fcr die Metallverarbeitung. Jetzt Angebot anfragen!\",\"breadcrumb\":{\"@id\":\"https:\/\/www.sabeforni.it\/de\/technologie\/#breadcrumb\"},\"inLanguage\":\"de\",\"potentialAction\":[{\"@type\":\"ReadAction\",\"target\":[\"https:\/\/www.sabeforni.it\/de\/technologie\/\"]}]},{\"@type\":\"BreadcrumbList\",\"@id\":\"https:\/\/www.sabeforni.it\/de\/technologie\/#breadcrumb\",\"itemListElement\":[{\"@type\":\"ListItem\",\"position\":1,\"name\":\"Home\",\"item\":\"https:\/\/www.sabeforni.it\/de\/\"},{\"@type\":\"ListItem\",\"position\":2,\"name\":\"Technologie\"}]}]}<\/script>\n<!-- \/ Yoast SEO plugin. -->","yoast_head_json":{"title":"Software f\u00fcr Industrie\u00f6fen f\u00fcr die Metallverarbeitung \u2013 Sabe Forni","description":"Entdecken Sie die Industrie\u00f6fen mit innovativer Software von Sabe Forni: Hoch technologische L\u00f6sungen f\u00fcr die Metallverarbeitung. Jetzt Angebot anfragen!","robots":{"index":"index","follow":"follow","max-snippet":"max-snippet:-1","max-image-preview":"max-image-preview:large","max-video-preview":"max-video-preview:-1"},"canonical":"https:\/\/www.sabeforni.it\/de\/technologie\/","og_locale":"de_DE","og_type":"article","og_title":"Software f\u00fcr Industrie\u00f6fen f\u00fcr die Metallverarbeitung \u2013 Sabe Forni","og_description":"Entdecken Sie die Industrie\u00f6fen mit innovativer Software von Sabe Forni: Hoch technologische L\u00f6sungen f\u00fcr die Metallverarbeitung. Jetzt Angebot anfragen!","og_url":"https:\/\/www.sabeforni.it\/de\/technologie\/","og_site_name":"SABE Forni","article_modified_time":"2025-07-31T15:17:37+00:00","twitter_card":"summary_large_image","twitter_misc":{"Gesch\u00e4tzte Lesezeit":"3\u00a0Minuten"},"schema":{"@context":"https:\/\/schema.org","@graph":[{"@type":"Organization","@id":"https:\/\/www.sabeforni.it\/#organization","name":"Sabe Forni","url":"https:\/\/www.sabeforni.it\/","sameAs":[],"logo":{"@type":"ImageObject","inLanguage":"de","@id":"https:\/\/www.sabeforni.it\/#\/schema\/logo\/image\/","url":"https:\/\/www.sabeforni.it\/wp-content\/uploads\/2018\/06\/logo-e1423230742906.png","contentUrl":"https:\/\/www.sabeforni.it\/wp-content\/uploads\/2018\/06\/logo-e1423230742906.png","width":150,"height":48,"caption":"Sabe Forni"},"image":{"@id":"https:\/\/www.sabeforni.it\/#\/schema\/logo\/image\/"}},{"@type":"WebSite","@id":"https:\/\/www.sabeforni.it\/#website","url":"https:\/\/www.sabeforni.it\/","name":"SABE Forni","description":"forni per lavorazioni speciali","publisher":{"@id":"https:\/\/www.sabeforni.it\/#organization"},"potentialAction":[{"@type":"SearchAction","target":{"@type":"EntryPoint","urlTemplate":"https:\/\/www.sabeforni.it\/?s={search_term_string}"},"query-input":"required name=search_term_string"}],"inLanguage":"de"},{"@type":"WebPage","@id":"https:\/\/www.sabeforni.it\/de\/technologie\/#webpage","url":"https:\/\/www.sabeforni.it\/de\/technologie\/","name":"Software f\u00fcr Industrie\u00f6fen f\u00fcr die Metallverarbeitung \u2013 Sabe Forni","isPartOf":{"@id":"https:\/\/www.sabeforni.it\/#website"},"datePublished":"2015-02-13T17:34:13+00:00","dateModified":"2025-07-31T15:17:37+00:00","description":"Entdecken Sie die Industrie\u00f6fen mit innovativer Software von Sabe Forni: Hoch technologische L\u00f6sungen f\u00fcr die Metallverarbeitung. Jetzt Angebot anfragen!","breadcrumb":{"@id":"https:\/\/www.sabeforni.it\/de\/technologie\/#breadcrumb"},"inLanguage":"de","potentialAction":[{"@type":"ReadAction","target":["https:\/\/www.sabeforni.it\/de\/technologie\/"]}]},{"@type":"BreadcrumbList","@id":"https:\/\/www.sabeforni.it\/de\/technologie\/#breadcrumb","itemListElement":[{"@type":"ListItem","position":1,"name":"Home","item":"https:\/\/www.sabeforni.it\/de\/"},{"@type":"ListItem","position":2,"name":"Technologie"}]}]}},"_links":{"self":[{"href":"https:\/\/www.sabeforni.it\/de\/wp-json\/wp\/v2\/pages\/3557"}],"collection":[{"href":"https:\/\/www.sabeforni.it\/de\/wp-json\/wp\/v2\/pages"}],"about":[{"href":"https:\/\/www.sabeforni.it\/de\/wp-json\/wp\/v2\/types\/page"}],"author":[{"embeddable":true,"href":"https:\/\/www.sabeforni.it\/de\/wp-json\/wp\/v2\/users\/1"}],"replies":[{"embeddable":true,"href":"https:\/\/www.sabeforni.it\/de\/wp-json\/wp\/v2\/comments?post=3557"}],"version-history":[{"count":5,"href":"https:\/\/www.sabeforni.it\/de\/wp-json\/wp\/v2\/pages\/3557\/revisions"}],"predecessor-version":[{"id":4337,"href":"https:\/\/www.sabeforni.it\/de\/wp-json\/wp\/v2\/pages\/3557\/revisions\/4337"}],"wp:attachment":[{"href":"https:\/\/www.sabeforni.it\/de\/wp-json\/wp\/v2\/media?parent=3557"}],"curies":[{"name":"wp","href":"https:\/\/api.w.org\/{rel}","templated":true}]}}