              {"id":3606,"date":"2021-10-29T09:56:10","date_gmt":"2021-10-29T09:56:10","guid":{"rendered":"https:\/\/sabeforni.cmsone.info\/impianti\/brasatura\/resistenze-corazzate\/"},"modified":"2022-05-11T10:27:51","modified_gmt":"2022-05-11T10:27:51","slug":"gepanzerte-widerstaende","status":"publish","type":"page","link":"https:\/\/www.sabeforni.it\/de\/waermebehandlungsanlagen\/loeten\/gepanzerte-widerstaende\/","title":{"rendered":"L\u00f6t\u00f6fen f\u00fcr gepanzerte Widerst\u00e4nde"},"content":{"rendered":"<p><div class=\"fusion-fullwidth fullwidth-box fusion-builder-row-1 hundred-percent-fullwidth non-hundred-percent-height-scrolling\" style=\"background-color: rgba(255,255,255,0);background-position: center center;background-repeat: no-repeat;padding-top:0px;padding-right:0px;padding-bottom:0px;padding-left:0px;margin-bottom: 0px;margin-top: 0px;border-width: 0px 0px 0px 0px;border-color:#eae9e9;border-style:solid;\" ><div class=\"fusion-builder-row fusion-row\"><div class=\"fusion-layout-column fusion_builder_column fusion-builder-column-0 fusion_builder_column_1_1 1_1 fusion-one-full fusion-column-first fusion-column-last fusion-column-no-min-height\" style=\"margin-top:0px;margin-bottom:0px;\"><div class=\"fusion-column-wrapper fusion-flex-column-wrapper-legacy\" style=\"background-position:left top;background-repeat:no-repeat;-webkit-background-size:cover;-moz-background-size:cover;-o-background-size:cover;background-size:cover;padding: 0px 0px 0px 0px;\"><script type=\"text\/javascript\">jQuery(function() { _initLayerSlider( '#layerslider_7_xxbm38iwhfyx', {createdWith: '6.11.2', sliderVersion: '6.11.2', skin: 'v6', skinsPath: 'https:\/\/www.sabeforni.it\/wp-content\/plugins\/LayerSlider\/assets\/static\/layerslider\/skins\/'}); });<\/script><div id=\"layerslider_7_xxbm38iwhfyx\" class=\"ls-wp-container fitvidsignore\" style=\"width:1280px;height:720px;margin:0 auto;margin-bottom: 0px;\"><div class=\"ls-slide\" data-ls=\"kenburnsscale:1.2;\"><img width=\"2560\" height=\"1440\" src=\"https:\/\/www.sabeforni.it\/wp-content\/uploads\/2021\/12\/ISISAH-1-scaled.jpg\" class=\"ls-l\" alt=\"forno resistenze corazzate\" srcset=\"https:\/\/www.sabeforni.it\/wp-content\/uploads\/2021\/12\/ISISAH-1-200x113.jpg 200w, https:\/\/www.sabeforni.it\/wp-content\/uploads\/2021\/12\/ISISAH-1-300x169.jpg 300w, https:\/\/www.sabeforni.it\/wp-content\/uploads\/2021\/12\/ISISAH-1-400x225.jpg 400w, https:\/\/www.sabeforni.it\/wp-content\/uploads\/2021\/12\/ISISAH-1-600x338.jpg 600w, https:\/\/www.sabeforni.it\/wp-content\/uploads\/2021\/12\/ISISAH-1-768x432.jpg 768w, https:\/\/www.sabeforni.it\/wp-content\/uploads\/2021\/12\/ISISAH-1-800x450.jpg 800w, https:\/\/www.sabeforni.it\/wp-content\/uploads\/2021\/12\/ISISAH-1-1024x576.jpg 1024w, https:\/\/www.sabeforni.it\/wp-content\/uploads\/2021\/12\/ISISAH-1-1200x675.jpg 1200w, https:\/\/www.sabeforni.it\/wp-content\/uploads\/2021\/12\/ISISAH-1-1536x864.jpg 1536w, https:\/\/www.sabeforni.it\/wp-content\/uploads\/2021\/12\/ISISAH-1-scaled.jpg 2560w\" sizes=\"(max-width: 2560px) 100vw, 2560px\" style=\"top:0px;left:-2px;background-size:inherit;background-position:inherit;width:1282px;height:721px;\" data-ls=\"durationin:3000;\"><\/div><div class=\"ls-slide\" data-ls=\"transitionduration:3000;kenburnsscale:1.2;\"><img width=\"2560\" height=\"1440\" src=\"https:\/\/www.sabeforni.it\/wp-content\/uploads\/2021\/12\/ISISAH-2-scaled.jpg\" class=\"ls-l\" alt=\"\" srcset=\"https:\/\/www.sabeforni.it\/wp-content\/uploads\/2021\/12\/ISISAH-2-200x113.jpg 200w, https:\/\/www.sabeforni.it\/wp-content\/uploads\/2021\/12\/ISISAH-2-300x169.jpg 300w, https:\/\/www.sabeforni.it\/wp-content\/uploads\/2021\/12\/ISISAH-2-400x225.jpg 400w, https:\/\/www.sabeforni.it\/wp-content\/uploads\/2021\/12\/ISISAH-2-600x338.jpg 600w, https:\/\/www.sabeforni.it\/wp-content\/uploads\/2021\/12\/ISISAH-2-768x432.jpg 768w, https:\/\/www.sabeforni.it\/wp-content\/uploads\/2021\/12\/ISISAH-2-800x450.jpg 800w, https:\/\/www.sabeforni.it\/wp-content\/uploads\/2021\/12\/ISISAH-2-1024x576.jpg 1024w, https:\/\/www.sabeforni.it\/wp-content\/uploads\/2021\/12\/ISISAH-2-1200x675.jpg 1200w, https:\/\/www.sabeforni.it\/wp-content\/uploads\/2021\/12\/ISISAH-2-1536x864.jpg 1536w, https:\/\/www.sabeforni.it\/wp-content\/uploads\/2021\/12\/ISISAH-2-scaled.jpg 2560w\" sizes=\"(max-width: 2560px) 100vw, 2560px\" style=\"top:0px;left:1px;background-size:inherit;background-position:inherit;width:1279px;height:719px;\" data-ls=\"durationin:3000;\"><\/div><\/div><div class=\"fusion-clearfix\"><\/div><\/div><\/div><\/div><style type=\"text\/css\">.fusion-fullwidth.fusion-builder-row-1 { overflow:visible; }<\/style><\/div><div class=\"fusion-fullwidth fullwidth-box fusion-builder-row-2 nonhundred-percent-fullwidth non-hundred-percent-height-scrolling\" style=\"background-color: rgba(255,255,255,0);background-position: left top;background-repeat: no-repeat;padding-top:20px;padding-right:0px;padding-bottom:20px;padding-left:0px;margin-bottom: 0px;margin-top: 0px;border-width: 0px 0px 0px 0px;border-color:#eae9e9;border-style:solid;\" ><div class=\"fusion-builder-row fusion-row\"><div class=\"fusion-layout-column fusion_builder_column fusion-builder-column-1 fusion_builder_column_1_1 1_1 fusion-one-full fusion-column-first fusion-column-last fusion-column-no-min-height\" style=\"margin-top:0px;margin-bottom:0px;\"><div class=\"fusion-column-wrapper fusion-flex-column-wrapper-legacy\" style=\"background-position:left top;background-repeat:no-repeat;-webkit-background-size:cover;-moz-background-size:cover;-o-background-size:cover;background-size:cover;background-color:#ffffff;padding: 0px 0px 0px 0px;\"><div class=\"fusion-text fusion-text-1\"><p>Die <strong>Hartl\u00f6t\u00f6fen f\u00fcr gepanzerte Widerst\u00e4nde<\/strong> sind \u00e4u\u00dferst wichtig in der Herstellung von Elementen, die in einer Vielzahl von Produkten eingebaut werden. Hohe Temperaturbest\u00e4ndigkeit und Haltbarkeit sind daher grundlegende Eigenschaften, die lediglich durch hochwertige Verarbeitungsmethoden und modernster Technik erzielt werden.<\/p>\n<p>Die <strong>Anwendungsbereiche<\/strong> sind vielseitig wie zum Beispiel das <strong>Anl\u00f6ten<\/strong> der K\u00f6pfe der gepanzerten Widerst\u00e4nde an die Flanschen oder an die Verbindungsringe der elektrischen Durchlauferhitzern, der Heizwiderst\u00e4nde von Haushalts-Wasserkochern, der gepanzerten Aluminium-Widerst\u00e4nde auf rostfreien Rohren f\u00fcr Warmwasseraufbereitung in Waschmaschinen.<\/p>\n<p>In Hartl\u00f6te\u00f6fen f\u00fcr gepanzerte Widerst\u00e4nde k\u00f6nnen Zusatzwerkstoffe wie Kuper oder eine niedrigschmelzende Aluminiumlegierung verwendet werden. Bei Anwendungen im Food Bereich wird eine Legierung mit einem hohen Anteil an Nickel verwendet. Die am h\u00e4ufigsten benutzten Schutzatmosph\u00e4ren sind Stickstoff und ein variables Gemisch aus Stickstoff und Wasserstoff, das je nach den zu l\u00f6tenden Materialien angepasst wird.<\/p>\n<p>Kontaktieren Sie uns, um gemeinsam mit unseren Technikern alles Teils Ihres <strong>Hartl\u00f6t\u00f6fen f\u00fcr gepanzerte Widerst\u00e4nde<\/strong> zu besprechen<\/p>\n<\/div><div class=\"section subpage__section\"><h2 class='Sabeblu' style='text-align: center;'><strong>andere Anwendungsbereiche<\/strong><\/h2><div class=\"section_inner clearfix\"><ul class='subpage'><li class=\"subpage__item subpage__item--col-2\"><a class=\"subpage__link\" href=\"https:\/\/www.sabeforni.it\/de\/waermebehandlungsanlagen\/loeten\/automotive\/\" title=\"L\u00f6t\u00f6fen f\u00fcr Automotive\"><span class=\"submenu__image\" style=\"background-image:url(https:\/\/www.sabeforni.it\/wp-content\/uploads\/2021\/12\/AVTEL-1-1.jpg)\"><\/span><span class=\"submenu__title\">L\u00f6t\u00f6fen f\u00fcr Automotive<\/span><\/a><\/li><li class=\"subpage__item subpage__item--col-2\"><a class=\"subpage__link\" href=\"https:\/\/www.sabeforni.it\/de\/waermebehandlungsanlagen\/loeten\/sanitaerinstallationen\/\" title=\"L\u00f6t\u00f6fen f\u00fcr Sanit\u00e4rinstallationen\"><span class=\"submenu__image\" style=\"background-image:url(https:\/\/www.sabeforni.it\/wp-content\/uploads\/2021\/12\/INSTAL-scaled.jpg)\"><\/span><span class=\"submenu__title\">L\u00f6t\u00f6fen f\u00fcr Sanit\u00e4rinstallationen<\/span><\/a><\/li><li class=\"subpage__item subpage__item--col-2\"><a class=\"subpage__link\" href=\"https:\/\/www.sabeforni.it\/de\/waermebehandlungsanlagen\/loeten\/waermetauscher-kuehlkoerper\/\" title=\"L\u00f6t\u00f6fen f\u00fcr W\u00e4rmetauscher und K\u00fchlk\u00f6rper\"><span class=\"submenu__image\" style=\"background-image:url(https:\/\/www.sabeforni.it\/wp-content\/uploads\/2021\/12\/PRIATHERM-2-scaled.jpg)\"><\/span><span class=\"submenu__title\">L\u00f6t\u00f6fen f\u00fcr W\u00e4rmetauscher und K\u00fchlk\u00f6rper<\/span><\/a><\/li><li class=\"subpage__item subpage__item--col-2\"><a class=\"subpage__link\" href=\"https:\/\/www.sabeforni.it\/de\/waermebehandlungsanlagen\/loeten\/elektrische-bauteile\/\" title=\"L\u00f6t\u00f6fen f\u00fcr elektrische Bauteile\"><span class=\"submenu__image\" style=\"background-image:url(https:\/\/www.sabeforni.it\/wp-content\/uploads\/2021\/12\/BITRON_v2.png)\"><\/span><span class=\"submenu__title\">L\u00f6t\u00f6fen f\u00fcr elektrische Bauteile<\/span><\/a><\/li><\/ul><\/div><\/div><div class=\"fusion-clearfix\"><\/div><\/div><\/div><\/div><\/div><\/p>\n","protected":false},"excerpt":{"rendered":"","protected":false},"author":4,"featured_media":2601,"parent":3578,"menu_order":2,"comment_status":"closed","ping_status":"closed","template":"","meta":{"inline_featured_image":false},"yoast_head":"<!-- This site is optimized with the Yoast SEO plugin v18.9 - https:\/\/yoast.com\/wordpress\/plugins\/seo\/ -->\n<title>Industrielle L\u00f6t\u00f6fen f\u00fcr gepanzerte Widerst\u00e4nde | Sabe Forni<\/title>\n<meta name=\"description\" content=\"L\u00f6t\u00f6fen f\u00fcr gepanzerte Widerst\u00e4nde und andere Heizelemente sind f\u00fcr unz\u00e4hlige Ger\u00e4te unverzichtbar. Entdecken Sie alle unsere L\u00f6t\u00f6fen!\" \/>\n<meta name=\"robots\" content=\"index, follow, max-snippet:-1, max-image-preview:large, max-video-preview:-1\" \/>\n<link rel=\"canonical\" href=\"https:\/\/www.sabeforni.it\/de\/waermebehandlungsanlagen\/loeten\/gepanzerte-widerstaende\/\" \/>\n<meta property=\"og:locale\" content=\"de_DE\" \/>\n<meta property=\"og:type\" content=\"article\" \/>\n<meta property=\"og:title\" content=\"Industrielle L\u00f6t\u00f6fen f\u00fcr gepanzerte Widerst\u00e4nde | Sabe Forni\" \/>\n<meta property=\"og:description\" content=\"L\u00f6t\u00f6fen f\u00fcr gepanzerte Widerst\u00e4nde und andere Heizelemente sind f\u00fcr unz\u00e4hlige Ger\u00e4te unverzichtbar. Entdecken Sie alle unsere L\u00f6t\u00f6fen!\" \/>\n<meta property=\"og:url\" content=\"https:\/\/www.sabeforni.it\/de\/waermebehandlungsanlagen\/loeten\/gepanzerte-widerstaende\/\" \/>\n<meta property=\"og:site_name\" content=\"SABE Forni\" \/>\n<meta property=\"article:modified_time\" content=\"2022-05-11T10:27:51+00:00\" \/>\n<meta property=\"og:image\" content=\"https:\/\/www.sabeforni.it\/wp-content\/uploads\/2021\/12\/ISISAH-1-scaled.jpg\" \/>\n\t<meta property=\"og:image:width\" content=\"2560\" \/>\n\t<meta property=\"og:image:height\" content=\"1440\" \/>\n\t<meta property=\"og:image:type\" content=\"image\/jpeg\" \/>\n<meta name=\"twitter:card\" content=\"summary_large_image\" \/>\n<meta name=\"twitter:label1\" content=\"Gesch\u00e4tzte Lesezeit\" \/>\n\t<meta name=\"twitter:data1\" content=\"3\u00a0Minuten\" \/>\n<script type=\"application\/ld+json\" class=\"yoast-schema-graph\">{\"@context\":\"https:\/\/schema.org\",\"@graph\":[{\"@type\":\"Organization\",\"@id\":\"https:\/\/www.sabeforni.it\/#organization\",\"name\":\"Sabe Forni\",\"url\":\"https:\/\/www.sabeforni.it\/\",\"sameAs\":[],\"logo\":{\"@type\":\"ImageObject\",\"inLanguage\":\"de\",\"@id\":\"https:\/\/www.sabeforni.it\/#\/schema\/logo\/image\/\",\"url\":\"https:\/\/www.sabeforni.it\/wp-content\/uploads\/2018\/06\/logo-e1423230742906.png\",\"contentUrl\":\"https:\/\/www.sabeforni.it\/wp-content\/uploads\/2018\/06\/logo-e1423230742906.png\",\"width\":150,\"height\":48,\"caption\":\"Sabe Forni\"},\"image\":{\"@id\":\"https:\/\/www.sabeforni.it\/#\/schema\/logo\/image\/\"}},{\"@type\":\"WebSite\",\"@id\":\"https:\/\/www.sabeforni.it\/#website\",\"url\":\"https:\/\/www.sabeforni.it\/\",\"name\":\"SABE Forni\",\"description\":\"forni per lavorazioni speciali\",\"publisher\":{\"@id\":\"https:\/\/www.sabeforni.it\/#organization\"},\"potentialAction\":[{\"@type\":\"SearchAction\",\"target\":{\"@type\":\"EntryPoint\",\"urlTemplate\":\"https:\/\/www.sabeforni.it\/?s={search_term_string}\"},\"query-input\":\"required name=search_term_string\"}],\"inLanguage\":\"de\"},{\"@type\":\"ImageObject\",\"inLanguage\":\"de\",\"@id\":\"https:\/\/www.sabeforni.it\/de\/waermebehandlungsanlagen\/loeten\/gepanzerte-widerstaende\/#primaryimage\",\"url\":\"https:\/\/www.sabeforni.it\/wp-content\/uploads\/2021\/12\/ISISAH-1-scaled.jpg\",\"contentUrl\":\"https:\/\/www.sabeforni.it\/wp-content\/uploads\/2021\/12\/ISISAH-1-scaled.jpg\",\"width\":2560,\"height\":1440,\"caption\":\"forno resistenze corazzate\"},{\"@type\":\"WebPage\",\"@id\":\"https:\/\/www.sabeforni.it\/de\/waermebehandlungsanlagen\/loeten\/gepanzerte-widerstaende\/#webpage\",\"url\":\"https:\/\/www.sabeforni.it\/de\/waermebehandlungsanlagen\/loeten\/gepanzerte-widerstaende\/\",\"name\":\"Industrielle L\u00f6t\u00f6fen f\u00fcr gepanzerte Widerst\u00e4nde | Sabe Forni\",\"isPartOf\":{\"@id\":\"https:\/\/www.sabeforni.it\/#website\"},\"primaryImageOfPage\":{\"@id\":\"https:\/\/www.sabeforni.it\/de\/waermebehandlungsanlagen\/loeten\/gepanzerte-widerstaende\/#primaryimage\"},\"datePublished\":\"2021-10-29T09:56:10+00:00\",\"dateModified\":\"2022-05-11T10:27:51+00:00\",\"description\":\"L\u00f6t\u00f6fen f\u00fcr gepanzerte Widerst\u00e4nde und andere Heizelemente sind f\u00fcr unz\u00e4hlige Ger\u00e4te unverzichtbar. Entdecken Sie alle unsere L\u00f6t\u00f6fen!\",\"breadcrumb\":{\"@id\":\"https:\/\/www.sabeforni.it\/de\/waermebehandlungsanlagen\/loeten\/gepanzerte-widerstaende\/#breadcrumb\"},\"inLanguage\":\"de\",\"potentialAction\":[{\"@type\":\"ReadAction\",\"target\":[\"https:\/\/www.sabeforni.it\/de\/waermebehandlungsanlagen\/loeten\/gepanzerte-widerstaende\/\"]}]},{\"@type\":\"BreadcrumbList\",\"@id\":\"https:\/\/www.sabeforni.it\/de\/waermebehandlungsanlagen\/loeten\/gepanzerte-widerstaende\/#breadcrumb\",\"itemListElement\":[{\"@type\":\"ListItem\",\"position\":1,\"name\":\"Home\",\"item\":\"https:\/\/www.sabeforni.it\/de\/\"},{\"@type\":\"ListItem\",\"position\":2,\"name\":\"W\u00e4rmebehandlungsanlagen\",\"item\":\"https:\/\/www.sabeforni.it\/de\/waermebehandlungsanlagen\/\"},{\"@type\":\"ListItem\",\"position\":3,\"name\":\"L\u00f6ten\",\"item\":\"https:\/\/www.sabeforni.it\/de\/waermebehandlungsanlagen\/loeten\/\"},{\"@type\":\"ListItem\",\"position\":4,\"name\":\"L\u00f6t\u00f6fen f\u00fcr gepanzerte Widerst\u00e4nde\"}]}]}<\/script>\n<!-- \/ Yoast SEO plugin. -->","yoast_head_json":{"title":"Industrielle L\u00f6t\u00f6fen f\u00fcr gepanzerte Widerst\u00e4nde | Sabe Forni","description":"L\u00f6t\u00f6fen f\u00fcr gepanzerte Widerst\u00e4nde und andere Heizelemente sind f\u00fcr unz\u00e4hlige Ger\u00e4te unverzichtbar. Entdecken Sie alle unsere L\u00f6t\u00f6fen!","robots":{"index":"index","follow":"follow","max-snippet":"max-snippet:-1","max-image-preview":"max-image-preview:large","max-video-preview":"max-video-preview:-1"},"canonical":"https:\/\/www.sabeforni.it\/de\/waermebehandlungsanlagen\/loeten\/gepanzerte-widerstaende\/","og_locale":"de_DE","og_type":"article","og_title":"Industrielle L\u00f6t\u00f6fen f\u00fcr gepanzerte Widerst\u00e4nde | Sabe Forni","og_description":"L\u00f6t\u00f6fen f\u00fcr gepanzerte Widerst\u00e4nde und andere Heizelemente sind f\u00fcr unz\u00e4hlige Ger\u00e4te unverzichtbar. Entdecken Sie alle unsere L\u00f6t\u00f6fen!","og_url":"https:\/\/www.sabeforni.it\/de\/waermebehandlungsanlagen\/loeten\/gepanzerte-widerstaende\/","og_site_name":"SABE Forni","article_modified_time":"2022-05-11T10:27:51+00:00","og_image":[{"width":2560,"height":1440,"url":"https:\/\/www.sabeforni.it\/wp-content\/uploads\/2021\/12\/ISISAH-1-scaled.jpg","type":"image\/jpeg"}],"twitter_card":"summary_large_image","twitter_misc":{"Gesch\u00e4tzte Lesezeit":"3\u00a0Minuten"},"schema":{"@context":"https:\/\/schema.org","@graph":[{"@type":"Organization","@id":"https:\/\/www.sabeforni.it\/#organization","name":"Sabe Forni","url":"https:\/\/www.sabeforni.it\/","sameAs":[],"logo":{"@type":"ImageObject","inLanguage":"de","@id":"https:\/\/www.sabeforni.it\/#\/schema\/logo\/image\/","url":"https:\/\/www.sabeforni.it\/wp-content\/uploads\/2018\/06\/logo-e1423230742906.png","contentUrl":"https:\/\/www.sabeforni.it\/wp-content\/uploads\/2018\/06\/logo-e1423230742906.png","width":150,"height":48,"caption":"Sabe Forni"},"image":{"@id":"https:\/\/www.sabeforni.it\/#\/schema\/logo\/image\/"}},{"@type":"WebSite","@id":"https:\/\/www.sabeforni.it\/#website","url":"https:\/\/www.sabeforni.it\/","name":"SABE Forni","description":"forni per lavorazioni speciali","publisher":{"@id":"https:\/\/www.sabeforni.it\/#organization"},"potentialAction":[{"@type":"SearchAction","target":{"@type":"EntryPoint","urlTemplate":"https:\/\/www.sabeforni.it\/?s={search_term_string}"},"query-input":"required name=search_term_string"}],"inLanguage":"de"},{"@type":"ImageObject","inLanguage":"de","@id":"https:\/\/www.sabeforni.it\/de\/waermebehandlungsanlagen\/loeten\/gepanzerte-widerstaende\/#primaryimage","url":"https:\/\/www.sabeforni.it\/wp-content\/uploads\/2021\/12\/ISISAH-1-scaled.jpg","contentUrl":"https:\/\/www.sabeforni.it\/wp-content\/uploads\/2021\/12\/ISISAH-1-scaled.jpg","width":2560,"height":1440,"caption":"forno resistenze corazzate"},{"@type":"WebPage","@id":"https:\/\/www.sabeforni.it\/de\/waermebehandlungsanlagen\/loeten\/gepanzerte-widerstaende\/#webpage","url":"https:\/\/www.sabeforni.it\/de\/waermebehandlungsanlagen\/loeten\/gepanzerte-widerstaende\/","name":"Industrielle L\u00f6t\u00f6fen f\u00fcr gepanzerte Widerst\u00e4nde | Sabe Forni","isPartOf":{"@id":"https:\/\/www.sabeforni.it\/#website"},"primaryImageOfPage":{"@id":"https:\/\/www.sabeforni.it\/de\/waermebehandlungsanlagen\/loeten\/gepanzerte-widerstaende\/#primaryimage"},"datePublished":"2021-10-29T09:56:10+00:00","dateModified":"2022-05-11T10:27:51+00:00","description":"L\u00f6t\u00f6fen f\u00fcr gepanzerte Widerst\u00e4nde und andere Heizelemente sind f\u00fcr unz\u00e4hlige Ger\u00e4te unverzichtbar. Entdecken Sie alle unsere L\u00f6t\u00f6fen!","breadcrumb":{"@id":"https:\/\/www.sabeforni.it\/de\/waermebehandlungsanlagen\/loeten\/gepanzerte-widerstaende\/#breadcrumb"},"inLanguage":"de","potentialAction":[{"@type":"ReadAction","target":["https:\/\/www.sabeforni.it\/de\/waermebehandlungsanlagen\/loeten\/gepanzerte-widerstaende\/"]}]},{"@type":"BreadcrumbList","@id":"https:\/\/www.sabeforni.it\/de\/waermebehandlungsanlagen\/loeten\/gepanzerte-widerstaende\/#breadcrumb","itemListElement":[{"@type":"ListItem","position":1,"name":"Home","item":"https:\/\/www.sabeforni.it\/de\/"},{"@type":"ListItem","position":2,"name":"W\u00e4rmebehandlungsanlagen","item":"https:\/\/www.sabeforni.it\/de\/waermebehandlungsanlagen\/"},{"@type":"ListItem","position":3,"name":"L\u00f6ten","item":"https:\/\/www.sabeforni.it\/de\/waermebehandlungsanlagen\/loeten\/"},{"@type":"ListItem","position":4,"name":"L\u00f6t\u00f6fen f\u00fcr gepanzerte Widerst\u00e4nde"}]}]}},"_links":{"self":[{"href":"https:\/\/www.sabeforni.it\/de\/wp-json\/wp\/v2\/pages\/3606"}],"collection":[{"href":"https:\/\/www.sabeforni.it\/de\/wp-json\/wp\/v2\/pages"}],"about":[{"href":"https:\/\/www.sabeforni.it\/de\/wp-json\/wp\/v2\/types\/page"}],"author":[{"embeddable":true,"href":"https:\/\/www.sabeforni.it\/de\/wp-json\/wp\/v2\/users\/4"}],"replies":[{"embeddable":true,"href":"https:\/\/www.sabeforni.it\/de\/wp-json\/wp\/v2\/comments?post=3606"}],"version-history":[{"count":4,"href":"https:\/\/www.sabeforni.it\/de\/wp-json\/wp\/v2\/pages\/3606\/revisions"}],"predecessor-version":[{"id":4152,"href":"https:\/\/www.sabeforni.it\/de\/wp-json\/wp\/v2\/pages\/3606\/revisions\/4152"}],"up":[{"embeddable":true,"href":"https:\/\/www.sabeforni.it\/de\/wp-json\/wp\/v2\/pages\/3578"}],"wp:featuredmedia":[{"embeddable":true,"href":"https:\/\/www.sabeforni.it\/de\/wp-json\/wp\/v2\/media\/2601"}],"wp:attachment":[{"href":"https:\/\/www.sabeforni.it\/de\/wp-json\/wp\/v2\/media?parent=3606"}],"curies":[{"name":"wp","href":"https:\/\/api.w.org\/{rel}","templated":true}]}}