              {"id":3679,"date":"2021-12-17T15:29:59","date_gmt":"2021-12-17T15:29:59","guid":{"rendered":"https:\/\/sabeforni.cmsone.info\/impianti\/trattamenti-superficiali\/forni-nitrocarburazione\/"},"modified":"2022-05-11T09:55:27","modified_gmt":"2022-05-11T09:55:27","slug":"ofen-fuer-nitrocarburierung","status":"publish","type":"page","link":"https:\/\/www.sabeforni.it\/de\/waermebehandlungsanlagen\/oberflaechenbehandlungen\/ofen-fuer-nitrocarburierung\/","title":{"rendered":"Ofen f\u00fcr Nitrocarburierung (auf Kundenwunsch)"},"content":{"rendered":"<p><div class=\"fusion-fullwidth fullwidth-box fusion-builder-row-1 hundred-percent-fullwidth non-hundred-percent-height-scrolling\" style=\"background-color: rgba(255,255,255,0);background-position: center center;background-repeat: no-repeat;padding-top:0px;padding-right:0px;padding-bottom:0px;padding-left:0px;margin-bottom: 0px;margin-top: 0px;border-width: 0px 0px 0px 0px;border-color:#eae9e9;border-style:solid;\" ><div class=\"fusion-builder-row fusion-row\"><div class=\"fusion-layout-column fusion_builder_column fusion-builder-column-0 fusion_builder_column_1_1 1_1 fusion-one-full fusion-column-first fusion-column-last fusion-column-no-min-height\" style=\"margin-top:0px;margin-bottom:0px;\"><div class=\"fusion-column-wrapper fusion-flex-column-wrapper-legacy\" style=\"background-position:left top;background-repeat:no-repeat;-webkit-background-size:cover;-moz-background-size:cover;-o-background-size:cover;background-size:cover;padding: 0px 0px 0px 0px;\"><script type=\"text\/javascript\">jQuery(function() { _initLayerSlider( '#layerslider_5_1utm9n9i9qbun', {sliderVersion: '6.11.2', responsiveUnder: 0, layersContainer: 0, slideBGSize: 'auto', hideUnder: 0, hideOver: 100000, pauseOnHover: 1, skin: 'v5', skinsPath: 'https:\/\/www.sabeforni.it\/wp-content\/plugins\/LayerSlider\/assets\/static\/layerslider\/skins\/'}); });<\/script><div id=\"layerslider_5_1utm9n9i9qbun\" class=\"ls-wp-container fitvidsignore\" style=\"width:600px;height:300px;margin:0 auto;margin-bottom: 0px;\"><div class=\"ls-slide\" data-ls=\"duration:3500;kenburnsscale:1.2;\"><img width=\"1024\" height=\"768\" src=\"https:\/\/www.sabeforni.it\/wp-content\/uploads\/2021\/12\/AVTEL-1-1.jpg\" class=\"ls-bg\" alt=\"avtel\" srcset=\"https:\/\/www.sabeforni.it\/wp-content\/uploads\/2021\/12\/AVTEL-1-1-200x150.jpg 200w, https:\/\/www.sabeforni.it\/wp-content\/uploads\/2021\/12\/AVTEL-1-1-300x225.jpg 300w, https:\/\/www.sabeforni.it\/wp-content\/uploads\/2021\/12\/AVTEL-1-1-400x300.jpg 400w, https:\/\/www.sabeforni.it\/wp-content\/uploads\/2021\/12\/AVTEL-1-1-600x450.jpg 600w, https:\/\/www.sabeforni.it\/wp-content\/uploads\/2021\/12\/AVTEL-1-1-768x576.jpg 768w, https:\/\/www.sabeforni.it\/wp-content\/uploads\/2021\/12\/AVTEL-1-1-800x600.jpg 800w, https:\/\/www.sabeforni.it\/wp-content\/uploads\/2021\/12\/AVTEL-1-1.jpg 1024w\" sizes=\"(max-width: 1024px) 100vw, 1024px\" \/><\/div><div class=\"ls-slide\" data-ls=\"bgsize:cover;duration:3500;kenburnsscale:1.2;\"><img width=\"2560\" height=\"1707\" src=\"https:\/\/www.sabeforni.it\/wp-content\/uploads\/2021\/12\/INSTAL-scaled.jpg\" class=\"ls-bg\" alt=\"forno arredo\" srcset=\"https:\/\/www.sabeforni.it\/wp-content\/uploads\/2021\/12\/INSTAL-200x133.jpg 200w, https:\/\/www.sabeforni.it\/wp-content\/uploads\/2021\/12\/INSTAL-300x200.jpg 300w, https:\/\/www.sabeforni.it\/wp-content\/uploads\/2021\/12\/INSTAL-400x267.jpg 400w, https:\/\/www.sabeforni.it\/wp-content\/uploads\/2021\/12\/INSTAL-600x400.jpg 600w, https:\/\/www.sabeforni.it\/wp-content\/uploads\/2021\/12\/INSTAL-768x512.jpg 768w, https:\/\/www.sabeforni.it\/wp-content\/uploads\/2021\/12\/INSTAL-800x533.jpg 800w, https:\/\/www.sabeforni.it\/wp-content\/uploads\/2021\/12\/INSTAL-1024x683.jpg 1024w, https:\/\/www.sabeforni.it\/wp-content\/uploads\/2021\/12\/INSTAL-1200x800.jpg 1200w, https:\/\/www.sabeforni.it\/wp-content\/uploads\/2021\/12\/INSTAL-1536x1024.jpg 1536w, https:\/\/www.sabeforni.it\/wp-content\/uploads\/2021\/12\/INSTAL-scaled.jpg 2560w\" sizes=\"(max-width: 2560px) 100vw, 2560px\" \/><\/div><div class=\"ls-slide\" data-ls=\"bgsize:cover;duration:3500;kenburnsscale:1.2;\"><img width=\"2560\" height=\"1440\" src=\"https:\/\/www.sabeforni.it\/wp-content\/uploads\/2021\/12\/ISISAH-1-scaled.jpg\" class=\"ls-bg\" alt=\"forno resistenze corazzate\" srcset=\"https:\/\/www.sabeforni.it\/wp-content\/uploads\/2021\/12\/ISISAH-1-200x113.jpg 200w, https:\/\/www.sabeforni.it\/wp-content\/uploads\/2021\/12\/ISISAH-1-300x169.jpg 300w, https:\/\/www.sabeforni.it\/wp-content\/uploads\/2021\/12\/ISISAH-1-400x225.jpg 400w, https:\/\/www.sabeforni.it\/wp-content\/uploads\/2021\/12\/ISISAH-1-600x338.jpg 600w, https:\/\/www.sabeforni.it\/wp-content\/uploads\/2021\/12\/ISISAH-1-768x432.jpg 768w, https:\/\/www.sabeforni.it\/wp-content\/uploads\/2021\/12\/ISISAH-1-800x450.jpg 800w, https:\/\/www.sabeforni.it\/wp-content\/uploads\/2021\/12\/ISISAH-1-1024x576.jpg 1024w, https:\/\/www.sabeforni.it\/wp-content\/uploads\/2021\/12\/ISISAH-1-1200x675.jpg 1200w, https:\/\/www.sabeforni.it\/wp-content\/uploads\/2021\/12\/ISISAH-1-1536x864.jpg 1536w, https:\/\/www.sabeforni.it\/wp-content\/uploads\/2021\/12\/ISISAH-1-scaled.jpg 2560w\" sizes=\"(max-width: 2560px) 100vw, 2560px\" \/><\/div><div class=\"ls-slide\" data-ls=\"bgsize:cover;duration:3500;kenburnsscale:1.2;\"><img width=\"2560\" height=\"1920\" src=\"https:\/\/www.sabeforni.it\/wp-content\/uploads\/2021\/12\/PRIATHERM-2-scaled.jpg\" class=\"ls-bg\" alt=\"priatherm\" srcset=\"https:\/\/www.sabeforni.it\/wp-content\/uploads\/2021\/12\/PRIATHERM-2-200x150.jpg 200w, https:\/\/www.sabeforni.it\/wp-content\/uploads\/2021\/12\/PRIATHERM-2-300x225.jpg 300w, https:\/\/www.sabeforni.it\/wp-content\/uploads\/2021\/12\/PRIATHERM-2-400x300.jpg 400w, https:\/\/www.sabeforni.it\/wp-content\/uploads\/2021\/12\/PRIATHERM-2-600x450.jpg 600w, https:\/\/www.sabeforni.it\/wp-content\/uploads\/2021\/12\/PRIATHERM-2-768x576.jpg 768w, https:\/\/www.sabeforni.it\/wp-content\/uploads\/2021\/12\/PRIATHERM-2-800x600.jpg 800w, https:\/\/www.sabeforni.it\/wp-content\/uploads\/2021\/12\/PRIATHERM-2-1024x768.jpg 1024w, https:\/\/www.sabeforni.it\/wp-content\/uploads\/2021\/12\/PRIATHERM-2-1200x900.jpg 1200w, https:\/\/www.sabeforni.it\/wp-content\/uploads\/2021\/12\/PRIATHERM-2-1536x1152.jpg 1536w, https:\/\/www.sabeforni.it\/wp-content\/uploads\/2021\/12\/PRIATHERM-2-scaled.jpg 2560w\" sizes=\"(max-width: 2560px) 100vw, 2560px\" \/><\/div><div class=\"ls-slide\" data-ls=\"duration:3500;kenburnsscale:1.2;\"><img width=\"902\" height=\"494\" src=\"https:\/\/www.sabeforni.it\/wp-content\/uploads\/2021\/12\/BITRON_v2.png\" class=\"ls-bg\" alt=\"bitron\" srcset=\"https:\/\/www.sabeforni.it\/wp-content\/uploads\/2021\/12\/BITRON_v2-200x110.png 200w, https:\/\/www.sabeforni.it\/wp-content\/uploads\/2021\/12\/BITRON_v2-300x164.png 300w, https:\/\/www.sabeforni.it\/wp-content\/uploads\/2021\/12\/BITRON_v2-400x219.png 400w, https:\/\/www.sabeforni.it\/wp-content\/uploads\/2021\/12\/BITRON_v2-600x329.png 600w, https:\/\/www.sabeforni.it\/wp-content\/uploads\/2021\/12\/BITRON_v2-768x421.png 768w, https:\/\/www.sabeforni.it\/wp-content\/uploads\/2021\/12\/BITRON_v2-800x438.png 800w, https:\/\/www.sabeforni.it\/wp-content\/uploads\/2021\/12\/BITRON_v2.png 902w\" sizes=\"(max-width: 902px) 100vw, 902px\" \/><\/div><\/div><div class=\"section subpage__section\"><h2 class='Sabeblu' style='text-align: center;'><strong>andere Anwendungsbereiche<\/strong><\/h2><div class=\"section_inner clearfix\"><ul class='subpage'><li class=\"subpage__item subpage__item--col-2\"><a class=\"subpage__link\" href=\"https:\/\/www.sabeforni.it\/de\/waermebehandlungsanlagen\/oberflaechenbehandlungen\/nitrierofen\/\" title=\"Anlagen f\u00fcr Nitrierofen\"><span class=\"submenu__image\" style=\"background-image:url(https:\/\/www.sabeforni.it\/wp-content\/uploads\/2022\/03\/FORNI-PER-NITRURAZIONE-scaled.jpg)\"><\/span><span class=\"submenu__title\">Anlagen f\u00fcr Nitrierofen<\/span><\/a><\/li><\/ul><\/div><\/div><div class=\"fusion-clearfix\"><\/div><\/div><\/div><\/div><style type=\"text\/css\">.fusion-fullwidth.fusion-builder-row-1 { overflow:visible; }<\/style><\/div><div class=\"fusion-fullwidth fullwidth-box fusion-builder-row-2 fusion-flex-container nonhundred-percent-fullwidth non-hundred-percent-height-scrolling\" style=\"background-color: rgba(255,255,255,0);background-position: center center;background-repeat: no-repeat;border-width: 0px 0px 0px 0px;border-color:#eae9e9;border-style:solid;\" ><div class=\"fusion-builder-row fusion-row fusion-flex-align-items-flex-start\" style=\"max-width:1206.4px;margin-left: calc(-4% \/ 2 );margin-right: calc(-4% \/ 2 );\"><div class=\"fusion-layout-column fusion_builder_column fusion-builder-column-1 fusion_builder_column_1_1 1_1 fusion-flex-column\"><div class=\"fusion-column-wrapper fusion-flex-justify-content-flex-start fusion-content-layout-column\" style=\"background-position:left top;background-repeat:no-repeat;-webkit-background-size:cover;-moz-background-size:cover;-o-background-size:cover;background-size:cover;background-color:#efefef;padding: 0px 0px 0px 0px;\"><\/div><style type=\"text\/css\">.fusion-body .fusion-builder-column-1{width:100% !important;margin-top : 30px;margin-bottom : 20px;}.fusion-builder-column-1 > .fusion-column-wrapper {padding-top : 0px !important;padding-right : 0px !important;margin-right : 1.92%;padding-bottom : 0px !important;padding-left : 0px !important;margin-left : 1.92%;}@media only screen and (max-width:1024px) {.fusion-body .fusion-builder-column-1{width:100% !important;order : 0;}.fusion-builder-column-1 > .fusion-column-wrapper {margin-right : 1.92%;margin-left : 1.92%;}}@media only screen and (max-width:640px) {.fusion-body .fusion-builder-column-1{width:100% !important;order : 0;}.fusion-builder-column-1 > .fusion-column-wrapper {margin-right : 1.92%;margin-left : 1.92%;}}<\/style><\/div><\/div><style type=\"text\/css\">.fusion-body .fusion-flex-container.fusion-builder-row-2{ padding-top : 0px;margin-top : 0px;padding-right : 0px;padding-bottom : 0px;margin-bottom : 0px;padding-left : 0px;}<\/style><\/div><div class=\"fusion-fullwidth fullwidth-box fusion-builder-row-3 nonhundred-percent-fullwidth non-hundred-percent-height-scrolling\" style=\"background-color: rgba(255,255,255,0);background-position: left top;background-repeat: no-repeat;padding-top:20px;padding-right:0px;padding-bottom:20px;padding-left:0px;margin-bottom: 0px;margin-top: 0px;border-width: 0px 0px 0px 0px;border-color:#eae9e9;border-style:solid;\" ><div class=\"fusion-builder-row fusion-row\"><div class=\"fusion-layout-column fusion_builder_column fusion-builder-column-2 fusion_builder_column_1_1 1_1 fusion-one-full fusion-column-first fusion-column-last fusion-column-no-min-height\" style=\"margin-top:0px;margin-bottom:0px;\"><div class=\"fusion-column-wrapper fusion-flex-column-wrapper-legacy\" style=\"background-position:left top;background-repeat:no-repeat;-webkit-background-size:cover;-moz-background-size:cover;-o-background-size:cover;background-size:cover;background-color:#ffffff;padding: 0px 0px 0px 0px;\"><div class=\"fusion-text fusion-text-1\"><p>Die \u00d6fen zum <strong>Nitrocarburieren<\/strong> sind dieselben wie f\u00fcr das Nitrieren. Der Unterschied besteht darin, dass beim Nitrocarburieren zus\u00e4tzlich zu Ammoniak ein <strong>Zementiergas<\/strong> verwendet wird.<\/p>\n<p>Nitride und Karbide werden gleichzeitig an der Oberfl\u00e4che der behandelten Teile diffundiert, um eine hohe Oberfl\u00e4chenh\u00e4rte zu gew\u00e4hrleisten, auch wenn sie etwas geringer ist als beim einfachen Nitrieren. Die Behandlung in den Nitrocarburierungs\u00f6fen wird bei ca. 570 \u00b0C durchgef\u00fchrt und dauert weniger lang (1-3 Stunden), aber die Schicht ist dicker.<\/p>\n<p>Diese Behandlung erfordert eine vor\u00fcbergehende Kontrolle sowohl des Nitrierpotentials als auch des Zementierungspotentials. Die \u00d6fen zur Durchf\u00fchrung dieser Behandlung sind die gleichen wie f\u00fcr das klassische Nitrieren.<\/p>\n<p>Kontaktieren Sie Sabe Forni f\u00fcr Angebote zu kundenspezifischen Anlagen f\u00fcr die Nitrocarburierung.<\/p>\n<\/div><div class=\"fusion-clearfix\"><\/div><\/div><\/div><\/div><\/div><\/p>\n","protected":false},"excerpt":{"rendered":"","protected":false},"author":4,"featured_media":3119,"parent":3594,"menu_order":1,"comment_status":"closed","ping_status":"closed","template":"","meta":{"inline_featured_image":false},"yoast_head":"<!-- This site is optimized with the Yoast SEO plugin v18.9 - https:\/\/yoast.com\/wordpress\/plugins\/seo\/ -->\n<title>Indusrielle \u00d6fen f\u00fcr Nitrocarburierung | Sabe Forni<\/title>\n<meta name=\"description\" content=\"Suchen Sie industrielle \u00d6fen f\u00fcr Nitrocarburierung? Wenden Sie sich an Sabe Forni, Bezugspunkt f\u00fcr Anlagen f\u00fcr die Metallverarbeitung auch nach Kundenwunsch!\" \/>\n<meta name=\"robots\" content=\"index, follow, max-snippet:-1, max-image-preview:large, max-video-preview:-1\" \/>\n<link rel=\"canonical\" href=\"https:\/\/www.sabeforni.it\/de\/waermebehandlungsanlagen\/oberflaechenbehandlungen\/ofen-fuer-nitrocarburierung\/\" \/>\n<meta property=\"og:locale\" content=\"de_DE\" \/>\n<meta property=\"og:type\" content=\"article\" \/>\n<meta property=\"og:title\" content=\"Indusrielle \u00d6fen f\u00fcr Nitrocarburierung | Sabe Forni\" \/>\n<meta property=\"og:description\" content=\"Suchen Sie industrielle \u00d6fen f\u00fcr Nitrocarburierung? Wenden Sie sich an Sabe Forni, Bezugspunkt f\u00fcr Anlagen f\u00fcr die Metallverarbeitung auch nach Kundenwunsch!\" \/>\n<meta property=\"og:url\" content=\"https:\/\/www.sabeforni.it\/de\/waermebehandlungsanlagen\/oberflaechenbehandlungen\/ofen-fuer-nitrocarburierung\/\" \/>\n<meta property=\"og:site_name\" content=\"SABE Forni\" \/>\n<meta property=\"article:modified_time\" content=\"2022-05-11T09:55:27+00:00\" \/>\n<meta property=\"og:image\" content=\"https:\/\/www.sabeforni.it\/wp-content\/uploads\/2022\/03\/FORNI-NITROCARBURAZIONE.jpg\" \/>\n\t<meta property=\"og:image:width\" content=\"739\" \/>\n\t<meta property=\"og:image:height\" content=\"827\" \/>\n\t<meta property=\"og:image:type\" content=\"image\/jpeg\" \/>\n<meta name=\"twitter:card\" content=\"summary_large_image\" \/>\n<meta name=\"twitter:label1\" content=\"Gesch\u00e4tzte Lesezeit\" \/>\n\t<meta name=\"twitter:data1\" content=\"5\u00a0Minuten\" \/>\n<script type=\"application\/ld+json\" class=\"yoast-schema-graph\">{\"@context\":\"https:\/\/schema.org\",\"@graph\":[{\"@type\":\"Organization\",\"@id\":\"https:\/\/www.sabeforni.it\/#organization\",\"name\":\"Sabe Forni\",\"url\":\"https:\/\/www.sabeforni.it\/\",\"sameAs\":[],\"logo\":{\"@type\":\"ImageObject\",\"inLanguage\":\"de\",\"@id\":\"https:\/\/www.sabeforni.it\/#\/schema\/logo\/image\/\",\"url\":\"https:\/\/www.sabeforni.it\/wp-content\/uploads\/2018\/06\/logo-e1423230742906.png\",\"contentUrl\":\"https:\/\/www.sabeforni.it\/wp-content\/uploads\/2018\/06\/logo-e1423230742906.png\",\"width\":150,\"height\":48,\"caption\":\"Sabe Forni\"},\"image\":{\"@id\":\"https:\/\/www.sabeforni.it\/#\/schema\/logo\/image\/\"}},{\"@type\":\"WebSite\",\"@id\":\"https:\/\/www.sabeforni.it\/#website\",\"url\":\"https:\/\/www.sabeforni.it\/\",\"name\":\"SABE Forni\",\"description\":\"forni per lavorazioni speciali\",\"publisher\":{\"@id\":\"https:\/\/www.sabeforni.it\/#organization\"},\"potentialAction\":[{\"@type\":\"SearchAction\",\"target\":{\"@type\":\"EntryPoint\",\"urlTemplate\":\"https:\/\/www.sabeforni.it\/?s={search_term_string}\"},\"query-input\":\"required name=search_term_string\"}],\"inLanguage\":\"de\"},{\"@type\":\"ImageObject\",\"inLanguage\":\"de\",\"@id\":\"https:\/\/www.sabeforni.it\/de\/waermebehandlungsanlagen\/oberflaechenbehandlungen\/ofen-fuer-nitrocarburierung\/#primaryimage\",\"url\":\"https:\/\/www.sabeforni.it\/wp-content\/uploads\/2022\/03\/FORNI-NITROCARBURAZIONE.jpg\",\"contentUrl\":\"https:\/\/www.sabeforni.it\/wp-content\/uploads\/2022\/03\/FORNI-NITROCARBURAZIONE.jpg\",\"width\":739,\"height\":827,\"caption\":\"nitrocarburazione\"},{\"@type\":\"WebPage\",\"@id\":\"https:\/\/www.sabeforni.it\/de\/waermebehandlungsanlagen\/oberflaechenbehandlungen\/ofen-fuer-nitrocarburierung\/#webpage\",\"url\":\"https:\/\/www.sabeforni.it\/de\/waermebehandlungsanlagen\/oberflaechenbehandlungen\/ofen-fuer-nitrocarburierung\/\",\"name\":\"Indusrielle \u00d6fen f\u00fcr Nitrocarburierung | Sabe Forni\",\"isPartOf\":{\"@id\":\"https:\/\/www.sabeforni.it\/#website\"},\"primaryImageOfPage\":{\"@id\":\"https:\/\/www.sabeforni.it\/de\/waermebehandlungsanlagen\/oberflaechenbehandlungen\/ofen-fuer-nitrocarburierung\/#primaryimage\"},\"datePublished\":\"2021-12-17T15:29:59+00:00\",\"dateModified\":\"2022-05-11T09:55:27+00:00\",\"description\":\"Suchen Sie industrielle \u00d6fen f\u00fcr Nitrocarburierung? Wenden Sie sich an Sabe Forni, Bezugspunkt f\u00fcr Anlagen f\u00fcr die Metallverarbeitung auch nach Kundenwunsch!\",\"breadcrumb\":{\"@id\":\"https:\/\/www.sabeforni.it\/de\/waermebehandlungsanlagen\/oberflaechenbehandlungen\/ofen-fuer-nitrocarburierung\/#breadcrumb\"},\"inLanguage\":\"de\",\"potentialAction\":[{\"@type\":\"ReadAction\",\"target\":[\"https:\/\/www.sabeforni.it\/de\/waermebehandlungsanlagen\/oberflaechenbehandlungen\/ofen-fuer-nitrocarburierung\/\"]}]},{\"@type\":\"BreadcrumbList\",\"@id\":\"https:\/\/www.sabeforni.it\/de\/waermebehandlungsanlagen\/oberflaechenbehandlungen\/ofen-fuer-nitrocarburierung\/#breadcrumb\",\"itemListElement\":[{\"@type\":\"ListItem\",\"position\":1,\"name\":\"Home\",\"item\":\"https:\/\/www.sabeforni.it\/de\/\"},{\"@type\":\"ListItem\",\"position\":2,\"name\":\"W\u00e4rmebehandlungsanlagen\",\"item\":\"https:\/\/www.sabeforni.it\/de\/waermebehandlungsanlagen\/\"},{\"@type\":\"ListItem\",\"position\":3,\"name\":\"Oberfl\u00e4chenbehandlungen\",\"item\":\"https:\/\/www.sabeforni.it\/de\/waermebehandlungsanlagen\/oberflaechenbehandlungen\/\"},{\"@type\":\"ListItem\",\"position\":4,\"name\":\"Ofen f\u00fcr Nitrocarburierung (auf Kundenwunsch)\"}]}]}<\/script>\n<!-- \/ Yoast SEO plugin. -->","yoast_head_json":{"title":"Indusrielle \u00d6fen f\u00fcr Nitrocarburierung | Sabe Forni","description":"Suchen Sie industrielle \u00d6fen f\u00fcr Nitrocarburierung? Wenden Sie sich an Sabe Forni, Bezugspunkt f\u00fcr Anlagen f\u00fcr die Metallverarbeitung auch nach Kundenwunsch!","robots":{"index":"index","follow":"follow","max-snippet":"max-snippet:-1","max-image-preview":"max-image-preview:large","max-video-preview":"max-video-preview:-1"},"canonical":"https:\/\/www.sabeforni.it\/de\/waermebehandlungsanlagen\/oberflaechenbehandlungen\/ofen-fuer-nitrocarburierung\/","og_locale":"de_DE","og_type":"article","og_title":"Indusrielle \u00d6fen f\u00fcr Nitrocarburierung | Sabe Forni","og_description":"Suchen Sie industrielle \u00d6fen f\u00fcr Nitrocarburierung? Wenden Sie sich an Sabe Forni, Bezugspunkt f\u00fcr Anlagen f\u00fcr die Metallverarbeitung auch nach Kundenwunsch!","og_url":"https:\/\/www.sabeforni.it\/de\/waermebehandlungsanlagen\/oberflaechenbehandlungen\/ofen-fuer-nitrocarburierung\/","og_site_name":"SABE Forni","article_modified_time":"2022-05-11T09:55:27+00:00","og_image":[{"width":739,"height":827,"url":"https:\/\/www.sabeforni.it\/wp-content\/uploads\/2022\/03\/FORNI-NITROCARBURAZIONE.jpg","type":"image\/jpeg"}],"twitter_card":"summary_large_image","twitter_misc":{"Gesch\u00e4tzte Lesezeit":"5\u00a0Minuten"},"schema":{"@context":"https:\/\/schema.org","@graph":[{"@type":"Organization","@id":"https:\/\/www.sabeforni.it\/#organization","name":"Sabe Forni","url":"https:\/\/www.sabeforni.it\/","sameAs":[],"logo":{"@type":"ImageObject","inLanguage":"de","@id":"https:\/\/www.sabeforni.it\/#\/schema\/logo\/image\/","url":"https:\/\/www.sabeforni.it\/wp-content\/uploads\/2018\/06\/logo-e1423230742906.png","contentUrl":"https:\/\/www.sabeforni.it\/wp-content\/uploads\/2018\/06\/logo-e1423230742906.png","width":150,"height":48,"caption":"Sabe Forni"},"image":{"@id":"https:\/\/www.sabeforni.it\/#\/schema\/logo\/image\/"}},{"@type":"WebSite","@id":"https:\/\/www.sabeforni.it\/#website","url":"https:\/\/www.sabeforni.it\/","name":"SABE Forni","description":"forni per lavorazioni speciali","publisher":{"@id":"https:\/\/www.sabeforni.it\/#organization"},"potentialAction":[{"@type":"SearchAction","target":{"@type":"EntryPoint","urlTemplate":"https:\/\/www.sabeforni.it\/?s={search_term_string}"},"query-input":"required name=search_term_string"}],"inLanguage":"de"},{"@type":"ImageObject","inLanguage":"de","@id":"https:\/\/www.sabeforni.it\/de\/waermebehandlungsanlagen\/oberflaechenbehandlungen\/ofen-fuer-nitrocarburierung\/#primaryimage","url":"https:\/\/www.sabeforni.it\/wp-content\/uploads\/2022\/03\/FORNI-NITROCARBURAZIONE.jpg","contentUrl":"https:\/\/www.sabeforni.it\/wp-content\/uploads\/2022\/03\/FORNI-NITROCARBURAZIONE.jpg","width":739,"height":827,"caption":"nitrocarburazione"},{"@type":"WebPage","@id":"https:\/\/www.sabeforni.it\/de\/waermebehandlungsanlagen\/oberflaechenbehandlungen\/ofen-fuer-nitrocarburierung\/#webpage","url":"https:\/\/www.sabeforni.it\/de\/waermebehandlungsanlagen\/oberflaechenbehandlungen\/ofen-fuer-nitrocarburierung\/","name":"Indusrielle \u00d6fen f\u00fcr Nitrocarburierung | Sabe Forni","isPartOf":{"@id":"https:\/\/www.sabeforni.it\/#website"},"primaryImageOfPage":{"@id":"https:\/\/www.sabeforni.it\/de\/waermebehandlungsanlagen\/oberflaechenbehandlungen\/ofen-fuer-nitrocarburierung\/#primaryimage"},"datePublished":"2021-12-17T15:29:59+00:00","dateModified":"2022-05-11T09:55:27+00:00","description":"Suchen Sie industrielle \u00d6fen f\u00fcr Nitrocarburierung? Wenden Sie sich an Sabe Forni, Bezugspunkt f\u00fcr Anlagen f\u00fcr die Metallverarbeitung auch nach Kundenwunsch!","breadcrumb":{"@id":"https:\/\/www.sabeforni.it\/de\/waermebehandlungsanlagen\/oberflaechenbehandlungen\/ofen-fuer-nitrocarburierung\/#breadcrumb"},"inLanguage":"de","potentialAction":[{"@type":"ReadAction","target":["https:\/\/www.sabeforni.it\/de\/waermebehandlungsanlagen\/oberflaechenbehandlungen\/ofen-fuer-nitrocarburierung\/"]}]},{"@type":"BreadcrumbList","@id":"https:\/\/www.sabeforni.it\/de\/waermebehandlungsanlagen\/oberflaechenbehandlungen\/ofen-fuer-nitrocarburierung\/#breadcrumb","itemListElement":[{"@type":"ListItem","position":1,"name":"Home","item":"https:\/\/www.sabeforni.it\/de\/"},{"@type":"ListItem","position":2,"name":"W\u00e4rmebehandlungsanlagen","item":"https:\/\/www.sabeforni.it\/de\/waermebehandlungsanlagen\/"},{"@type":"ListItem","position":3,"name":"Oberfl\u00e4chenbehandlungen","item":"https:\/\/www.sabeforni.it\/de\/waermebehandlungsanlagen\/oberflaechenbehandlungen\/"},{"@type":"ListItem","position":4,"name":"Ofen f\u00fcr Nitrocarburierung (auf Kundenwunsch)"}]}]}},"_links":{"self":[{"href":"https:\/\/www.sabeforni.it\/de\/wp-json\/wp\/v2\/pages\/3679"}],"collection":[{"href":"https:\/\/www.sabeforni.it\/de\/wp-json\/wp\/v2\/pages"}],"about":[{"href":"https:\/\/www.sabeforni.it\/de\/wp-json\/wp\/v2\/types\/page"}],"author":[{"embeddable":true,"href":"https:\/\/www.sabeforni.it\/de\/wp-json\/wp\/v2\/users\/4"}],"replies":[{"embeddable":true,"href":"https:\/\/www.sabeforni.it\/de\/wp-json\/wp\/v2\/comments?post=3679"}],"version-history":[{"count":3,"href":"https:\/\/www.sabeforni.it\/de\/wp-json\/wp\/v2\/pages\/3679\/revisions"}],"predecessor-version":[{"id":3944,"href":"https:\/\/www.sabeforni.it\/de\/wp-json\/wp\/v2\/pages\/3679\/revisions\/3944"}],"up":[{"embeddable":true,"href":"https:\/\/www.sabeforni.it\/de\/wp-json\/wp\/v2\/pages\/3594"}],"wp:featuredmedia":[{"embeddable":true,"href":"https:\/\/www.sabeforni.it\/de\/wp-json\/wp\/v2\/media\/3119"}],"wp:attachment":[{"href":"https:\/\/www.sabeforni.it\/de\/wp-json\/wp\/v2\/media?parent=3679"}],"curies":[{"name":"wp","href":"https:\/\/api.w.org\/{rel}","templated":true}]}}